{"id":393,"date":"2026-03-10T14:34:22","date_gmt":"2026-03-10T14:34:22","guid":{"rendered":"https:\/\/www.verdepolska.org\/?page_id=393"},"modified":"2026-03-10T14:42:43","modified_gmt":"2026-03-10T14:42:43","slug":"polityka-prywatnosci","status":"publish","type":"page","link":"https:\/\/www.verdepolska.org\/?page_id=393","title":{"rendered":"Polityka prywatno\u015bci"},"content":{"rendered":"\n<hr class=\"wp-block-separator has-css-opacity is-style-default\"\/>\n\n\n\n<p>Polityka prywatno\u015bci opisuje zasady przetwarzania przez nas informacji na Tw\u00f3j temat, w tym danych osobowych oraz ciasteczek, czyli tzw. cookies<\/p>\n\n\n\n<p><strong>Informacje og\u00f3lne<\/strong><\/p>\n\n\n\n<p>Niniejsza polityka dotyczy serwisu www, funkcjonuj\u0105cego pod adresem: www.verdepolska.org<\/p>\n\n\n\n<p>Operatorem serwisu oraz Administratorem danych osobowych jest: Stowarzyszenie VERDE ul. Fa\u0142ata 10 05-230 Koby\u0142ka, adres do korespondencji : ul. Fa\u0142ata 10,<\/p>\n\n\n\n<p>&nbsp;&nbsp;&nbsp;&nbsp;&nbsp;&nbsp;&nbsp;&nbsp;&nbsp;&nbsp;&nbsp;&nbsp;NIP:1251803145, &nbsp;REGON:543960975<\/p>\n\n\n\n<ol start=\"1\" class=\"wp-block-list\">\n<li>Adres kontaktowy poczty elektronicznej operatora serwisu oraz administratora danych osobowych: kontakt@verdepolska.org<\/li>\n\n\n\n<li>Operator jest Administratorem Twoich danych osobowych w odniesieniu do danych podanych dobrowolnie w Serwisie.<\/li>\n\n\n\n<li>Serwis wykorzystuje dane osobowe w nast\u0119puj\u0105cych celach:\n<ol start=\"1\" style=\"list-style-type:lower-alpha\" class=\"wp-block-list\">\n<li>obs\u0142uga zapyta\u0144 przez formularz,<\/li>\n\n\n\n<li>realizacja zam\u00f3wionych us\u0142ug,<\/li>\n\n\n\n<li>prezentacja oferty lub informacji.<\/li>\n<\/ol>\n<\/li>\n\n\n\n<li>Serwis realizuje funkcje pozyskiwania informacji o u\u017cytkownikach i ich zachowaniu w nast\u0119puj\u0105cy spos\u00f3b:\n<ol start=\"1\" style=\"list-style-type:lower-alpha\" class=\"wp-block-list\">\n<li>poprzez dobrowolnie wprowadzone w formularzach dane, kt\u00f3re zostaj\u0105 wprowadzone do system\u00f3w Operatora,<\/li>\n\n\n\n<li>poprzez zapisywanie w urz\u0105dzeniach ko\u0144cowych plik\u00f3w cookie (tzw. \u201eciasteczka\u201d).<\/li>\n<\/ol>\n<\/li>\n<\/ol>\n\n\n\n<p>\u200d<\/p>\n\n\n\n<p><strong>Dane kontaktowe<\/strong><\/p>\n\n\n\n<p>Je\u015bli u\u017cytkownik strony internetowej kontaktuje si\u0119 z Stowarzyszeniem VERDE&nbsp;za pomoc\u0105 telefonu, poczty email, itp. i przekazuje swoje dane osobowe, np. imi\u0119, nazwisko, adres email, itp ma gwarancj\u0119, \u017ce Stowarzyszenie wykorzysta te informacje tylko po to, by odpowiedzie\u0107 na jego pytania i do bie\u017c\u0105cej komunikacji z nim.<\/p>\n\n\n\n<p>Stowarzyszenie VERDE&nbsp;automatycznie gromadzi nast\u0119puj\u0105ce dane o u\u017cytkownikach \u2013 adres IP, nazwa domeny, typ przegl\u0105darki, typ systemu operacyjnego itp. Te dane s\u0105 pozyskiwane jedynie po to, by w\u0142a\u015bciwie funkcjonowa\u0142a strona https:\/\/verdepolska.org.&nbsp;Dane u\u017cytkownik\u00f3w nie s\u0105 wykorzystywane przez Stowarzyszenie&nbsp;w \u017cadnym innym celu. Informacje takie s\u0142u\u017c\u0105 jedynie analizie i weryfikacji dzia\u0142ania strony internetowej. Informacje o numerach IP Stowarzyszenia wykorzystuje r\u00f3wnie\u017c w celach technicznych \u2013 ma to zapewni\u0107 niezawodne dzia\u0142anie strony www.<\/p>\n\n\n\n<p><strong>Oprogramowanie firm trzecich<\/strong><\/p>\n\n\n\n<p>Do analizy zachowa\u0144 internaut\u00f3w odwiedzaj\u0105cych stron\u0119 internetow\u0105, Stowarzyszenie stosuje r\u00f3wnie\u017c oprogramowanie firm trzecich (w szczeg\u00f3lno\u015bci Google Analytics oraz \u015bledzenie konwersji Google Ads). Skrypty dostarczane przez dostawc\u00f3w oprogramowania mog\u0105 u\u017cywa\u0107 pliki cookies do identyfikacji os\u00f3b odwiedzaj\u0105cych stron\u0119 internetow\u0105 oraz przesy\u0142a\u0107 na ich serwery informacje na temat numeru IP odwiedzaj\u0105cego, jego przegl\u0105darki internetowej, jego systemu operacyjnego oraz przegl\u0105danych podstron i plik\u00f3w. Zbierane w ten spos\u00f3b dane wykorzystywane s\u0105 tylko w celach statystycznych.<\/p>\n\n\n\n<p><strong>Pliki cookie (ciasteczka)<\/strong><\/p>\n\n\n\n<p><strong>Rodzaje wykorzystywanych Cookies<\/strong><\/p>\n\n\n\n<ol start=\"1\" class=\"wp-block-list\">\n<li>Stosowane przez Administratora Cookies s\u0105 bezpieczne dla Urz\u0105dzenia U\u017cytkownika. W szczeg\u00f3lno\u015bci t\u0105 drog\u0105 nie jest mo\u017cliwe przedostanie si\u0119 do Urz\u0105dze\u0144 U\u017cytkownik\u00f3w wirus\u00f3w lub innego niechcianego oprogramowania lub oprogramowania z\u0142o\u015bliwego. Pliki te pozwalaj\u0105 zidentyfikowa\u0107 oprogramowanie wykorzystywane przez U\u017cytkownika i dostosowa\u0107 Serwis indywidualnie ka\u017cdemu U\u017cytkownikowi. Cookies zazwyczaj zawieraj\u0105 nazw\u0119 domeny z kt\u00f3rej pochodz\u0105, czas przechowywania ich na Urz\u0105dzeniu oraz przypisan\u0105 warto\u015b\u0107.<\/li>\n\n\n\n<li>Administrator wykorzystuje dwa typy plik\u00f3w cookies:\n<ol start=\"1\" style=\"list-style-type:lower-alpha\" class=\"wp-block-list\">\n<li>Cookies sesyjne: s\u0105 przechowywane na Urz\u0105dzeniu U\u017cytkownika i pozostaj\u0105 tam do momentu zako\u0144czenia sesji danej przegl\u0105darki. Zapisane informacje s\u0105 w\u00f3wczas trwale usuwane z pami\u0119ci Urz\u0105dzenia. Mechanizm cookies sesyjnych nie pozwala na pobieranie jakichkolwiek danych osobowych ani \u017cadnych informacji poufnych z Urz\u0105dzenia U\u017cytkownika.<\/li>\n\n\n\n<li>Cookies trwa\u0142e: s\u0105 przechowywane na Urz\u0105dzeniu U\u017cytkownika i pozostaj\u0105 tam do momentu ich skasowania. Zako\u0144czenie sesji danej przegl\u0105darki lub wy\u0142\u0105czenie Urz\u0105dzenia nie powoduje ich usuni\u0119cia z Urz\u0105dzenia U\u017cytkownika. Mechanizm cookies trwa\u0142ych nie pozwala na pobieranie jakichkolwiek danych osobowych ani \u017cadnych informacji poufnych z Urz\u0105dzenia U\u017cytkownika.<\/li>\n<\/ol>\n<\/li>\n\n\n\n<li>U\u017cytkownik ma mo\u017cliwo\u015b\u0107 ograniczenia lub wy\u0142\u0105czenia dost\u0119pu plik\u00f3w cookies do swojego Urz\u0105dzenia. W przypadku skorzystania z tej opcji korzystanie ze Serwisu b\u0119dzie mo\u017cliwe, poza funkcjami, kt\u00f3re ze swojej natury wymagaj\u0105 plik\u00f3w cookies.<\/li>\n<\/ol>\n\n\n\n<p><strong>Cele w jakich wykorzystywane s\u0105 Cookies<\/strong><\/p>\n\n\n\n<ol start=\"1\" class=\"wp-block-list\">\n<li>Administrator wykorzystuje Cookies w\u0142asne w celu poprawnej konfiguracji serwisu, a w szczeg\u00f3lno\u015bci do:\n<ol start=\"1\" style=\"list-style-type:lower-alpha\" class=\"wp-block-list\">\n<li>dostosowania zawarto\u015bci stron internetowych Serwisu do preferencji U\u017cytkownika oraz optymalizacji korzystania ze stron internetowych Serwisu.<\/li>\n\n\n\n<li>rozpoznania urz\u0105dzenia U\u017cytkownika Serwisu oraz jego lokalizacj\u0119 i odpowiednio wy\u015bwietlenia strony internetowej, dostosowanej do jego indywidualnych potrzeb;<\/li>\n\n\n\n<li>zapami\u0119tania ustawie\u0144 wybranych przez U\u017cytkownika i personalizacji interfejsu U\u017cytkownika, np. w zakresie wybranego j\u0119zyka lub regionu, z kt\u00f3rego pochodzi U\u017cytkownik,<\/li>\n\n\n\n<li>zapami\u0119tania historii odwiedzonych stron w serwisie w celu rekomendacji tre\u015bci,<\/li>\n\n\n\n<li>rozmiaru czcionki, wygl\u0105du strony internetowej itp.<\/li>\n<\/ol>\n<\/li>\n\n\n\n<li>Administrator wykorzystuje Cookies w\u0142asne w celu uwierzytelniania u\u017cytkownika w serwisie i zapewnienia sesji u\u017cytkownika w serwisie, a w szczeg\u00f3lno\u015bci do:\n<ol start=\"1\" style=\"list-style-type:lower-alpha\" class=\"wp-block-list\">\n<li>utrzymania sesji U\u017cytkownika Serwisu (po zalogowaniu), dzi\u0119ki kt\u00f3rej U\u017cytkownik nie musi na ka\u017cdej podstronie Serwisu ponownie wpisywa\u0107 loginu i has\u0142a;<\/li>\n\n\n\n<li>poprawnej konfiguracji wybranych funkcji Serwisu, umo\u017cliwiaj\u0105c w szczeg\u00f3lno\u015bci weryfikacj\u0119 autentyczno\u015bci sesji przegl\u0105darki.<\/li>\n\n\n\n<li>optymalizacji i zwi\u0119kszenia wydajno\u015bci us\u0142ug \u015bwiadczonych przez Administratora.<\/li>\n<\/ol>\n<\/li>\n\n\n\n<li>Administrator wykorzystuje Cookies w\u0142asne w celu realizacji proces\u00f3w niezb\u0119dnych dla pe\u0142nej funkcjonalno\u015bci stron internetowych, a w szczeg\u00f3lno\u015bci do:\n<ol start=\"1\" style=\"list-style-type:lower-alpha\" class=\"wp-block-list\">\n<li>dostosowania zawarto\u015bci stron internetowych Serwisu do preferencji U\u017cytkownika oraz optymalizacji korzystania ze stron internetowych Serwisu. W szczeg\u00f3lno\u015bci pliki te pozwalaj\u0105 rozpozna\u0107 podstawowe parametry Urz\u0105dzenia U\u017cytkownika i odpowiednio wy\u015bwietli\u0107 stron\u0119 internetow\u0105, dostosowan\u0105 do jego indywidualnych potrzeb;<\/li>\n\n\n\n<li>poprawnej obs\u0142ugi programu partnerskiego, umo\u017cliwiaj\u0105c w szczeg\u00f3lno\u015bci weryfikacj\u0119 \u017ar\u00f3de\u0142 przekierowa\u0144 U\u017cytkownik\u00f3w na strony internetowe Serwisu.<\/li>\n<\/ol>\n<\/li>\n\n\n\n<li>Administrator wykorzystuje Cookies w\u0142asne w celu zapami\u0119tania lokalizacji u\u017cytkownika, a w szczeg\u00f3lno\u015bci do poprawnej konfiguracji wybranych funkcji Serwisu, umo\u017cliwiaj\u0105c w dostosowanie dostarczanych informacji do U\u017cytkownika z uwzgl\u0119dnieniem jego lokalizacji.<\/li>\n\n\n\n<li>Administrator wykorzystuje Cookies w\u0142asne w celu analiz i bada\u0144 oraz audytu ogl\u0105dalno\u015bci, a w szczeg\u00f3lno\u015bci do tworzenia anonimowych statystyk, kt\u00f3re pomagaj\u0105 zrozumie\u0107, w jaki spos\u00f3b U\u017cytkownicy Serwisu korzystaj\u0105 ze stron internetowych Serwisu, co umo\u017cliwia ulepszanie ich struktury i zawarto\u015bci.<\/li>\n\n\n\n<li>Administrator wykorzystuje Cookies w\u0142asne w celu \u015bwiadczenia us\u0142ug reklamowych, a w szczeg\u00f3lno\u015bci do dostosowania prezentowanych za po\u015brednictwem Serwisu reklam us\u0142ug i produkt\u00f3w firm trzecich.<\/li>\n\n\n\n<li>Administrator us\u0142ugi wykorzystuje Cookies zewn\u0119trzne w celu zalogowania do serwisu za pomoc\u0105 serwis\u00f3w spo\u0142eczno\u015bciowych oraz wykorzystuje cookies w celu zbierania og\u00f3lnych i anonimowych danych statycznych za po\u015brednictwem narz\u0119dzi analitycznych Google Analytics (administrator cookies zewn\u0119trznego: Google Inc z siedzib\u0105 w USA).<\/li>\n<\/ol>\n\n\n\n<p>\u200d<\/p>\n\n\n\n<p><strong>Mo\u017cliwo\u015bci okre\u015blenia warunk\u00f3w przechowywania lub uzyskiwania dost\u0119pu przez Cookies<\/strong><\/p>\n\n\n\n<ol start=\"1\" class=\"wp-block-list\">\n<li>U\u017cytkownik mo\u017ce samodzielnie i w ka\u017cdym czasie zmieni\u0107 ustawienia dotycz\u0105ce plik\u00f3w Cookies, okre\u015blaj\u0105c warunki ich przechowywania i uzyskiwania dost\u0119pu przez pliki Cookies do Urz\u0105dzenia U\u017cytkownika. Zmiany ustawie\u0144, o kt\u00f3rych mowa w zdaniu poprzednim, U\u017cytkownik mo\u017ce dokona\u0107 za pomoc\u0105 ustawie\u0144 przegl\u0105darki internetowej lub za pomoc\u0105 konfiguracji us\u0142ugi. Ustawienia te mog\u0105 zosta\u0107 zmienione w szczeg\u00f3lno\u015bci w taki spos\u00f3b, aby blokowa\u0107 automatyczn\u0105 obs\u0142ug\u0119 plik\u00f3w cookies w ustawieniach przegl\u0105darki internetowej b\u0105d\u017a informowa\u0107 o ich ka\u017cdorazowym zamieszczeniu Cookies na urz\u0105dzeniu U\u017cytkownika. Szczeg\u00f3\u0142owe informacje o mo\u017cliwo\u015bci i sposobach obs\u0142ugi plik\u00f3w cookies dost\u0119pne s\u0105 w ustawieniach oprogramowania(przegl\u0105darki internetowej).<\/li>\n\n\n\n<li>U\u017cytkownik mo\u017ce w ka\u017cdej chwili usun\u0105\u0107 pliki Cookies korzystaj\u0105c z dost\u0119pnych funkcji w przegl\u0105darce internetowej, kt\u00f3rej u\u017cywa.<\/li>\n\n\n\n<li>Ograniczenie stosowania plik\u00f3w Cookies, mo\u017ce wp\u0142yn\u0105\u0107 na niekt\u00f3re funkcjonalno\u015bci dost\u0119pne na stronie internetowej Serwisu.<\/li>\n<\/ol>\n\n\n\n<p><strong>Newsletter<\/strong><\/p>\n\n\n\n<p>Ka\u017cdy u\u017cytkownik ma mo\u017cliwo\u015b\u0107 zapisania si\u0119 do Newslettera, dzi\u0119ki kt\u00f3remu mo\u017ce regularnie otrzymywa\u0107 wiadomo\u015bci o dzia\u0142alno\u015bci Stowarzyszenia. W taki przypadku u\u017cytkownik dobrowolnie podaje nast\u0119puj\u0105ce dane: adres e-mail oraz imi\u0119 i nazwisko u\u017cytkownika.<\/p>\n\n\n\n<p><strong>Obowi\u0105zek udost\u0119pnienia informacji o u\u017cytkowniku<\/strong><\/p>\n\n\n\n<p>Jedyn\u0105 sytuacj\u0105, w kt\u00f3rej Stowarzyszenie VERDE mo\u017ce udost\u0119pni\u0107 zebrane informacje w spos\u00f3b niezale\u017cny od niej, jest wyra\u017any nakaz wynikaj\u0105cy z obowi\u0105zuj\u0105cych przepis\u00f3w prawa. Stowarzyszenie gwarantuje, \u017ce dane u\u017cytkownika nie b\u0119d\u0105 widoczne dla innych u\u017cytkownik\u00f3w serwisu. Stowarzyszenie zapewnia jednocze\u015bnie, \u017ce do\u0142o\u017cy wszelkich stara\u0144, by tak przetwarzanie danych odbywa\u0142o si\u0119 z najwi\u0119kszym poszanowaniem prywatno\u015bci os\u00f3b, kt\u00f3rych dane s\u0105 przetwarzane oraz z najwy\u017csz\u0105 dba\u0142o\u015bci\u0105 o bezpiecze\u0144stwo przetwarzanych danych.<\/p>\n\n\n\n<p><strong>Informacja o prawie klienta do wniesienia skargi do organu nadzorczego, kt\u00f3rym jest Prezes Urz\u0119du Ochrony Danych Osobowych<\/strong><\/p>\n\n\n\n<p>Ka\u017cdy u\u017cytkownik ma&nbsp;prawo wniesienia skargi do&nbsp;organu nadzorczego zajmuj\u0105cego si\u0119 ochron\u0105 danych osobowych: Prezesa Urz\u0119du Ochrony Danych Osobowych.<\/p>\n\n\n\n<p><strong>Zmiana polityki prywatno\u015bci<\/strong><\/p>\n\n\n\n<p>Stowarzyszenie VERDE&nbsp;zastrzega sobie prawo do aktualizacji i zmiany niniejszej polityki prywatno\u015bci poprzez publikacj\u0119 nowej wersji na stronie internetowej. W przypadku jakichkolwiek w\u0105tpliwo\u015bci oraz dodatkowych pyta\u0144 dotycz\u0105cych ochrony prywatno\u015bci, prosimy o kontakt poprzez wys\u0142anie wiadomo\u015bci email na adres kontakt@verdepolska.org<\/p>\n\n\n\n<hr class=\"wp-block-separator has-css-opacity is-style-default\"\/>\n","protected":false},"excerpt":{"rendered":"<p>Polityka prywatno\u015bci opisuje zasady przetwarzania przez nas informacji na Tw\u00f3j temat, w tym danych osobowych oraz ciasteczek, czyli tzw. cookies [&hellip;]<\/p>\n","protected":false},"author":1,"featured_media":0,"parent":0,"menu_order":0,"comment_status":"closed","ping_status":"closed","template":"","meta":{"saved_in_kubio":false,"site-sidebar-layout":"default","site-content-layout":"","ast-site-content-layout":"default","site-content-style":"default","site-sidebar-style":"default","ast-global-header-display":"","ast-banner-title-visibility":"","ast-main-header-display":"","ast-hfb-above-header-display":"","ast-hfb-below-header-display":"","ast-hfb-mobile-header-display":"","site-post-title":"","ast-breadcrumbs-content":"","ast-featured-img":"","footer-sml-layout":"","ast-disable-related-posts":"","theme-transparent-header-meta":"","adv-header-id-meta":"","stick-header-meta":"","header-above-stick-meta":"","header-main-stick-meta":"","header-below-stick-meta":"","astra-migrate-meta-layouts":"default","ast-page-background-enabled":"default","ast-page-background-meta":{"desktop":{"background-color":"var(--ast-global-color-5)","background-image":"","background-repeat":"repeat","background-position":"center center","background-size":"auto","background-attachment":"scroll","background-type":"","background-media":"","overlay-type":"","overlay-color":"","overlay-opacity":"","overlay-gradient":""},"tablet":{"background-color":"","background-image":"","background-repeat":"repeat","background-position":"center center","background-size":"auto","background-attachment":"scroll","background-type":"","background-media":"","overlay-type":"","overlay-color":"","overlay-opacity":"","overlay-gradient":""},"mobile":{"background-color":"","background-image":"","background-repeat":"repeat","background-position":"center center","background-size":"auto","background-attachment":"scroll","background-type":"","background-media":"","overlay-type":"","overlay-color":"","overlay-opacity":"","overlay-gradient":""}},"ast-content-background-meta":{"desktop":{"background-color":"var(--ast-global-color-4)","background-image":"","background-repeat":"repeat","background-position":"center center","background-size":"auto","background-attachment":"scroll","background-type":"","background-media":"","overlay-type":"","overlay-color":"","overlay-opacity":"","overlay-gradient":""},"tablet":{"background-color":"var(--ast-global-color-4)","background-image":"","background-repeat":"repeat","background-position":"center center","background-size":"auto","background-attachment":"scroll","background-type":"","background-media":"","overlay-type":"","overlay-color":"","overlay-opacity":"","overlay-gradient":""},"mobile":{"background-color":"var(--ast-global-color-4)","background-image":"","background-repeat":"repeat","background-position":"center center","background-size":"auto","background-attachment":"scroll","background-type":"","background-media":"","overlay-type":"","overlay-color":"","overlay-opacity":"","overlay-gradient":""}},"footnotes":""},"class_list":["post-393","page","type-page","status-publish","hentry"],"kubio_ai_page_context":{"short_desc":"","purpose":"general"},"_links":{"self":[{"href":"https:\/\/www.verdepolska.org\/index.php?rest_route=\/wp\/v2\/pages\/393","targetHints":{"allow":["GET"]}}],"collection":[{"href":"https:\/\/www.verdepolska.org\/index.php?rest_route=\/wp\/v2\/pages"}],"about":[{"href":"https:\/\/www.verdepolska.org\/index.php?rest_route=\/wp\/v2\/types\/page"}],"author":[{"embeddable":true,"href":"https:\/\/www.verdepolska.org\/index.php?rest_route=\/wp\/v2\/users\/1"}],"replies":[{"embeddable":true,"href":"https:\/\/www.verdepolska.org\/index.php?rest_route=%2Fwp%2Fv2%2Fcomments&post=393"}],"version-history":[{"count":4,"href":"https:\/\/www.verdepolska.org\/index.php?rest_route=\/wp\/v2\/pages\/393\/revisions"}],"predecessor-version":[{"id":399,"href":"https:\/\/www.verdepolska.org\/index.php?rest_route=\/wp\/v2\/pages\/393\/revisions\/399"}],"wp:attachment":[{"href":"https:\/\/www.verdepolska.org\/index.php?rest_route=%2Fwp%2Fv2%2Fmedia&parent=393"}],"curies":[{"name":"wp","href":"https:\/\/api.w.org\/{rel}","templated":true}]}}